{"id":77,"date":"2026-02-13T16:14:06","date_gmt":"2026-02-13T15:14:06","guid":{"rendered":"http:\/\/pomocwkryzysie.org\/?page_id=77"},"modified":"2026-02-16T12:44:39","modified_gmt":"2026-02-16T11:44:39","slug":"wazne-informacje","status":"publish","type":"page","link":"https:\/\/pomocwkryzysie.org\/?page_id=77","title":{"rendered":"Wa\u017cne informacje"},"content":{"rendered":"\t\t<div data-elementor-type=\"wp-page\" data-elementor-id=\"77\" class=\"elementor elementor-77\">\n\t\t\t\t<div class=\"elementor-element elementor-element-4a1dd47 e-flex e-con-boxed wpr-particle-no wpr-jarallax-no wpr-parallax-no wpr-sticky-section-no e-con e-parent\" data-id=\"4a1dd47\" data-element_type=\"container\" data-e-type=\"container\">\n\t\t\t\t\t<div class=\"e-con-inner\">\n\t\t\t\t<div class=\"elementor-element elementor-element-47f9d6c elementor-widget elementor-widget-text-editor\" data-id=\"47f9d6c\" data-element_type=\"widget\" data-e-type=\"widget\" data-widget_type=\"text-editor.default\">\n\t\t\t\t\t\t\t\t\t<div class=\"post-content\"><div class=\"elementor elementor-357\" data-elementor-type=\"wp-page\" data-elementor-id=\"357\"><div class=\"elementor-element elementor-element-ae6357b e-flex e-con-boxed e-con e-parent e-lazyloaded\" data-id=\"ae6357b\" data-element_type=\"container\" data-e-type=\"container\"><div class=\"e-con-inner\"><div class=\"elementor-element elementor-element-9fcc61a elementor-widget elementor-widget-text-editor\" data-id=\"9fcc61a\" data-element_type=\"widget\" data-e-type=\"widget\" data-widget_type=\"text-editor.default\"><p data-start=\"3093\" data-end=\"3185\">Nie jestem lekarzem ani psychoterapeut\u0105.\u00a0<br data-start=\"3133\" data-end=\"3136\" \/>Nie diagnozuj\u0119 i nie lecz\u0119 zaburze\u0144 psychicznych.<\/p><p data-start=\"3187\" data-end=\"3264\">Rozmowy ze mn\u0105 mog\u0105 stanowi\u0107 <strong data-start=\"3216\" data-end=\"3241\">uzupe\u0142nienie leczenia<\/strong>, ale go nie zast\u0119puj\u0105.<\/p><p data-start=\"3266\" data-end=\"3398\">Je\u015bli masz <strong data-start=\"3277\" data-end=\"3306\">aktualne my\u015bli samob\u00f3jcze<\/strong> lub obawiasz si\u0119 o swoje bezpiecze\u0144stwo, skontaktuj si\u0119 natychmiast z profesjonaln\u0105 pomoc\u0105:<\/p><p data-start=\"3401\" data-end=\"3432\"><img decoding=\"async\" class=\"emoji\" role=\"img\" draggable=\"false\" src=\"https:\/\/s.w.org\/images\/core\/emoji\/17.0.2\/svg\/1f4de.svg\" alt=\"\ud83d\udcde\" \/> 116 123 \u2013 Bezp\u0142atny, anonimowy i ca\u0142odobowy telefon zaufania dla ludzi doros\u0142ych (w kryzysie emocjonalnym).<\/p><p data-start=\"3435\" data-end=\"3447\"><img decoding=\"async\" class=\"emoji\" role=\"img\" draggable=\"false\" src=\"https:\/\/s.w.org\/images\/core\/emoji\/17.0.2\/svg\/1f4de.svg\" alt=\"\ud83d\udcde\" \/> 116 111 \u2013 Bezp\u0142atny, anonimowy i ca\u0142odobowy telefon zaufania dla dzieci i m\u0142odzie\u017cy.<\/p><p data-start=\"3450\" data-end=\"3458\"><img decoding=\"async\" class=\"emoji\" role=\"img\" draggable=\"false\" src=\"https:\/\/s.w.org\/images\/core\/emoji\/17.0.2\/svg\/1f4de.svg\" alt=\"\ud83d\udcde\" \/> 112 \u2013 Og\u00f3lny numer alarmowy.<\/p><\/div><\/div><\/div><\/div><\/div>\t\t\t\t\t\t\t\t<\/div>\n\t\t\t\t\t<\/div>\n\t\t\t\t<\/div>\n\t\t\t\t<\/div>\n\t\t","protected":false},"excerpt":{"rendered":"<p>Nie jestem lekarzem ani psychoterapeut\u0105.\u00a0Nie diagnozuj\u0119 i nie lecz\u0119 zaburze\u0144 psychicznych. Rozmowy ze mn\u0105 mog\u0105 stanowi\u0107 uzupe\u0142nienie leczenia, ale go nie zast\u0119puj\u0105. Je\u015bli masz aktualne my\u015bli samob\u00f3jcze lub obawiasz si\u0119 o swoje bezpiecze\u0144stwo, skontaktuj si\u0119 natychmiast z profesjonaln\u0105 pomoc\u0105: 116 123 \u2013 Bezp\u0142atny, anonimowy i ca\u0142odobowy telefon zaufania dla ludzi doros\u0142ych (w kryzysie emocjonalnym). 116 111 \u2013 Bezp\u0142atny, anonimowy i ca\u0142odobowy telefon zaufania dla dzieci i m\u0142odzie\u017cy. 112 \u2013 Og\u00f3lny numer alarmowy.<\/p>\n","protected":false},"author":1,"featured_media":0,"parent":0,"menu_order":0,"comment_status":"closed","ping_status":"closed","template":"","meta":{"om_disable_all_campaigns":false,"_monsterinsights_skip_tracking":false,"_monsterinsights_sitenote_active":false,"_monsterinsights_sitenote_note":"","_monsterinsights_sitenote_category":0,"footnotes":""},"class_list":["post-77","page","type-page","status-publish","hentry"],"aioseo_notices":[],"acf":[],"_links":{"self":[{"href":"https:\/\/pomocwkryzysie.org\/index.php?rest_route=\/wp\/v2\/pages\/77","targetHints":{"allow":["GET"]}}],"collection":[{"href":"https:\/\/pomocwkryzysie.org\/index.php?rest_route=\/wp\/v2\/pages"}],"about":[{"href":"https:\/\/pomocwkryzysie.org\/index.php?rest_route=\/wp\/v2\/types\/page"}],"author":[{"embeddable":true,"href":"https:\/\/pomocwkryzysie.org\/index.php?rest_route=\/wp\/v2\/users\/1"}],"replies":[{"embeddable":true,"href":"https:\/\/pomocwkryzysie.org\/index.php?rest_route=%2Fwp%2Fv2%2Fcomments&post=77"}],"version-history":[{"count":8,"href":"https:\/\/pomocwkryzysie.org\/index.php?rest_route=\/wp\/v2\/pages\/77\/revisions"}],"predecessor-version":[{"id":150,"href":"https:\/\/pomocwkryzysie.org\/index.php?rest_route=\/wp\/v2\/pages\/77\/revisions\/150"}],"wp:attachment":[{"href":"https:\/\/pomocwkryzysie.org\/index.php?rest_route=%2Fwp%2Fv2%2Fmedia&parent=77"}],"curies":[{"name":"wp","href":"https:\/\/api.w.org\/{rel}","templated":true}]}}