{"id":59,"date":"2026-02-13T16:07:56","date_gmt":"2026-02-13T15:07:56","guid":{"rendered":"http:\/\/pomocwkryzysie.org\/?page_id=59"},"modified":"2026-02-16T12:37:48","modified_gmt":"2026-02-16T11:37:48","slug":"cennik-uslug","status":"publish","type":"page","link":"https:\/\/pomocwkryzysie.org\/?page_id=59","title":{"rendered":"Cennik us\u0142ug"},"content":{"rendered":"\t\t<div data-elementor-type=\"wp-page\" data-elementor-id=\"59\" class=\"elementor elementor-59\">\n\t\t\t\t<div class=\"elementor-element elementor-element-8523eeb e-flex e-con-boxed wpr-particle-no wpr-jarallax-no wpr-parallax-no wpr-sticky-section-no e-con e-parent\" data-id=\"8523eeb\" data-element_type=\"container\" data-e-type=\"container\">\n\t\t\t\t\t<div class=\"e-con-inner\">\n\t\t\t\t<div class=\"elementor-element elementor-element-23fc41b elementor-widget elementor-widget-text-editor\" data-id=\"23fc41b\" data-element_type=\"widget\" data-e-type=\"widget\" data-widget_type=\"text-editor.default\">\n\t\t\t\t\t\t\t\t\t<div class=\"post-content\"><div class=\"elementor elementor-337\" data-elementor-type=\"wp-page\" data-elementor-id=\"337\"><div class=\"elementor-element elementor-element-d33f208 e-flex e-con-boxed e-con e-parent e-lazyloaded\" data-id=\"d33f208\" data-element_type=\"container\" data-e-type=\"container\"><div class=\"e-con-inner\"><div class=\"elementor-element elementor-element-a44b922 elementor-widget elementor-widget-text-editor\" data-id=\"a44b922\" data-element_type=\"widget\" data-e-type=\"widget\" data-widget_type=\"text-editor.default\"><p data-start=\"3193\" data-end=\"3268\"><strong data-start=\"3193\" data-end=\"3224\">Sesja indywidualna (50-60 min)<\/strong><br data-start=\"3224\" data-end=\"3227\" \/>\u2192 120 z\u0142 (w zale\u017cno\u015bci od mo\u017cliwo\u015bci)<\/p><p data-start=\"3270\" data-end=\"3323\"><strong data-start=\"3270\" data-end=\"3300\">Pakiet 4 spotka\u0144 (miesi\u0105c)<\/strong><br data-start=\"3300\" data-end=\"3303\" \/>\u2192 cena preferencyjna \u2013 400 z\u0142<\/p><p data-start=\"3325\" data-end=\"3428\">Je\u015bli jeste\u015b w trudnej sytuacji finansowej \u2014 napisz.<br data-start=\"3377\" data-end=\"3380\" \/>Pomoc nie zawsze musi zaczyna\u0107 si\u0119 od pieni\u0119dzy.<\/p><\/div><\/div><\/div><\/div><\/div>\t\t\t\t\t\t\t\t<\/div>\n\t\t\t\t\t<\/div>\n\t\t\t\t<\/div>\n\t\t\t\t<\/div>\n\t\t","protected":false},"excerpt":{"rendered":"<p>Sesja indywidualna (50-60 min)\u2192 120 z\u0142 (w zale\u017cno\u015bci od mo\u017cliwo\u015bci) Pakiet 4 spotka\u0144 (miesi\u0105c)\u2192 cena preferencyjna \u2013 400 z\u0142 Je\u015bli jeste\u015b w trudnej sytuacji finansowej \u2014 napisz.Pomoc nie zawsze musi zaczyna\u0107 si\u0119 od pieni\u0119dzy.<\/p>\n","protected":false},"author":1,"featured_media":0,"parent":0,"menu_order":0,"comment_status":"closed","ping_status":"closed","template":"","meta":{"om_disable_all_campaigns":false,"_monsterinsights_skip_tracking":false,"_monsterinsights_sitenote_active":false,"_monsterinsights_sitenote_note":"","_monsterinsights_sitenote_category":0,"footnotes":""},"class_list":["post-59","page","type-page","status-publish","hentry"],"aioseo_notices":[],"acf":[],"_links":{"self":[{"href":"https:\/\/pomocwkryzysie.org\/index.php?rest_route=\/wp\/v2\/pages\/59","targetHints":{"allow":["GET"]}}],"collection":[{"href":"https:\/\/pomocwkryzysie.org\/index.php?rest_route=\/wp\/v2\/pages"}],"about":[{"href":"https:\/\/pomocwkryzysie.org\/index.php?rest_route=\/wp\/v2\/types\/page"}],"author":[{"embeddable":true,"href":"https:\/\/pomocwkryzysie.org\/index.php?rest_route=\/wp\/v2\/users\/1"}],"replies":[{"embeddable":true,"href":"https:\/\/pomocwkryzysie.org\/index.php?rest_route=%2Fwp%2Fv2%2Fcomments&post=59"}],"version-history":[{"count":8,"href":"https:\/\/pomocwkryzysie.org\/index.php?rest_route=\/wp\/v2\/pages\/59\/revisions"}],"predecessor-version":[{"id":146,"href":"https:\/\/pomocwkryzysie.org\/index.php?rest_route=\/wp\/v2\/pages\/59\/revisions\/146"}],"wp:attachment":[{"href":"https:\/\/pomocwkryzysie.org\/index.php?rest_route=%2Fwp%2Fv2%2Fmedia&parent=59"}],"curies":[{"name":"wp","href":"https:\/\/api.w.org\/{rel}","templated":true}]}}