{"id":54,"date":"2026-02-13T16:07:08","date_gmt":"2026-02-13T15:07:08","guid":{"rendered":"http:\/\/pomocwkryzysie.org\/?page_id=54"},"modified":"2026-02-16T12:42:46","modified_gmt":"2026-02-16T11:42:46","slug":"oferta","status":"publish","type":"page","link":"https:\/\/pomocwkryzysie.org\/?page_id=54","title":{"rendered":"Oferta"},"content":{"rendered":"\t\t<div data-elementor-type=\"wp-page\" data-elementor-id=\"54\" class=\"elementor elementor-54\">\n\t\t\t\t<div class=\"elementor-element elementor-element-7955a69 e-flex e-con-boxed wpr-particle-no wpr-jarallax-no wpr-parallax-no wpr-sticky-section-no e-con e-parent\" data-id=\"7955a69\" data-element_type=\"container\" data-e-type=\"container\">\n\t\t\t\t\t<div class=\"e-con-inner\">\n\t\t\t\t<div class=\"elementor-element elementor-element-e0144f8 elementor-widget elementor-widget-text-editor\" data-id=\"e0144f8\" data-element_type=\"widget\" data-e-type=\"widget\" data-widget_type=\"text-editor.default\">\n\t\t\t\t\t\t\t\t\t<div class=\"post-content\"><div class=\"elementor elementor-322\" data-elementor-type=\"wp-page\" data-elementor-id=\"322\"><div class=\"elementor-element elementor-element-8374a55 e-flex e-con-boxed e-con e-parent e-lazyloaded\" data-id=\"8374a55\" data-element_type=\"container\" data-e-type=\"container\"><div class=\"e-con-inner\"><div class=\"elementor-element elementor-element-e844de6 elementor-widget elementor-widget-text-editor\" data-id=\"e844de6\" data-element_type=\"widget\" data-e-type=\"widget\" data-widget_type=\"text-editor.default\"><h2 data-start=\"2863\" data-end=\"3023\">Moja oferta skierowana jest dla:<\/h2><p data-start=\"2863\" data-end=\"3023\"><img decoding=\"async\" class=\"emoji\" role=\"img\" draggable=\"false\" src=\"https:\/\/s.w.org\/images\/core\/emoji\/17.0.2\/svg\/2714.svg\" alt=\"\u2714\" \/> os\u00f3b w depresji (r\u00f3wnie\u017c leczonych)\u00a0<br data-start=\"2904\" data-end=\"2907\" \/><img decoding=\"async\" class=\"emoji\" role=\"img\" draggable=\"false\" src=\"https:\/\/s.w.org\/images\/core\/emoji\/17.0.2\/svg\/2714.svg\" alt=\"\u2714\" \/> os\u00f3b w kryzysie sensu, wiary, to\u017csamo\u015bci<br data-start=\"2953\" data-end=\"2956\" \/><img decoding=\"async\" class=\"emoji\" role=\"img\" draggable=\"false\" src=\"https:\/\/s.w.org\/images\/core\/emoji\/17.0.2\/svg\/2714.svg\" alt=\"\u2714\" \/> os\u00f3b po stracie<br data-start=\"2977\" data-end=\"2980\" \/><img decoding=\"async\" class=\"emoji\" role=\"img\" draggable=\"false\" src=\"https:\/\/s.w.org\/images\/core\/emoji\/17.0.2\/svg\/2714.svg\" alt=\"\u2714\" \/> tych, kt\u00f3rzy \u201eju\u017c nie wiedz\u0105, kim s\u0105\u201d<\/p><p data-start=\"3044\" data-end=\"3176\"><img decoding=\"async\" class=\"emoji\" role=\"img\" draggable=\"false\" src=\"https:\/\/s.w.org\/images\/core\/emoji\/17.0.2\/svg\/2716.svg\" alt=\"\u2716\" \/> nie zast\u0119puj\u0105 psychoterapii ani leczenia psychiatrycznego<br data-start=\"3103\" data-end=\"3106\" \/><img decoding=\"async\" class=\"emoji\" role=\"img\" draggable=\"false\" src=\"https:\/\/s.w.org\/images\/core\/emoji\/17.0.2\/svg\/2716.svg\" alt=\"\u2716\" \/> nie s\u0105 odpowiednie jako jedyna pomoc w ostrym kryzysie samob\u00f3jczym<\/p><h2 data-start=\"2347\" data-end=\"2380\">Rozmowy wspieraj\u0105ce w kryzysie<\/h2><p data-start=\"2382\" data-end=\"2462\">To nie jest terapia.<br data-start=\"2402\" data-end=\"2405\" \/>To nie jest spowied\u017a.<br data-start=\"2426\" data-end=\"2429\" \/>To nie jest coaching motywacyjny.<\/p><p data-start=\"2464\" data-end=\"2515\">To jest <strong data-start=\"2472\" data-end=\"2502\">bezpieczna, poufna rozmowa<\/strong> z kim\u015b, kto:<\/p><ul data-start=\"2516\" data-end=\"2637\"><li data-start=\"2516\" data-end=\"2540\"><p data-start=\"2518\" data-end=\"2540\">zna kryzys od \u015brodka<\/p><\/li><li data-start=\"2541\" data-end=\"2569\"><p data-start=\"2543\" data-end=\"2569\">potrafi s\u0142ucha\u0107 bez ocen<\/p><\/li><li data-start=\"2570\" data-end=\"2608\"><p data-start=\"2572\" data-end=\"2608\">pomo\u017ce uporz\u0105dkowa\u0107 my\u015bli i emocje<\/p><\/li><li data-start=\"2609\" data-end=\"2637\"><p data-start=\"2611\" data-end=\"2637\">nie b\u0119dzie Ci\u0119 \u201enaprawia\u0142\u201d<\/p><\/li><\/ul><h3 data-start=\"2639\" data-end=\"2664\">Jak wygl\u0105da spotkanie<\/h3><ul data-start=\"2665\" data-end=\"2828\"><li data-start=\"2665\" data-end=\"2697\"><p data-start=\"2667\" data-end=\"2697\">forma: online (wideorozmowa)<\/p><\/li><li data-start=\"2698\" data-end=\"2719\"><p data-start=\"2700\" data-end=\"2719\">czas: 50\u201360 minut<\/p><\/li><li data-start=\"2720\" data-end=\"2752\"><p data-start=\"2722\" data-end=\"2752\">tempo: dostosowane do Ciebie<\/p><\/li><li data-start=\"2753\" data-end=\"2782\"><p data-start=\"2755\" data-end=\"2782\">mo\u017cesz m\u00f3wi\u0107 albo milcze\u0107<\/p><\/li><li data-start=\"2783\" data-end=\"2828\"><p data-start=\"2785\" data-end=\"2828\">mo\u017cesz p\u0142aka\u0107, z\u0142o\u015bci\u0107 si\u0119, by\u0107 zagubiony<\/p><\/li><\/ul><\/div><\/div><\/div><\/div><\/div>\t\t\t\t\t\t\t\t<\/div>\n\t\t\t\t\t<\/div>\n\t\t\t\t<\/div>\n\t\t\t\t<\/div>\n\t\t","protected":false},"excerpt":{"rendered":"<p>Moja oferta skierowana jest dla: os\u00f3b w depresji (r\u00f3wnie\u017c leczonych)\u00a0 os\u00f3b w kryzysie sensu, wiary, to\u017csamo\u015bci os\u00f3b po stracie tych, kt\u00f3rzy \u201eju\u017c nie wiedz\u0105, kim s\u0105\u201d nie zast\u0119puj\u0105 psychoterapii ani leczenia psychiatrycznego nie s\u0105 odpowiednie jako jedyna pomoc w ostrym kryzysie samob\u00f3jczym Rozmowy wspieraj\u0105ce w kryzysie To nie jest terapia.To nie jest spowied\u017a.To nie jest coaching motywacyjny. To jest bezpieczna, poufna rozmowa z kim\u015b, kto: zna kryzys od \u015brodka potrafi s\u0142ucha\u0107 bez ocen pomo\u017ce uporz\u0105dkowa\u0107 my\u015bli i emocje nie b\u0119dzie Ci\u0119 \u201enaprawia\u0142\u201d Jak wygl\u0105da spotkanie forma: online (wideorozmowa) czas: 50\u201360 minut tempo: dostosowane do Ciebie mo\u017cesz m\u00f3wi\u0107 albo milcze\u0107 mo\u017cesz p\u0142aka\u0107, z\u0142o\u015bci\u0107 si\u0119, by\u0107 zagubiony<\/p>\n","protected":false},"author":1,"featured_media":0,"parent":0,"menu_order":0,"comment_status":"closed","ping_status":"closed","template":"","meta":{"om_disable_all_campaigns":false,"_monsterinsights_skip_tracking":false,"_monsterinsights_sitenote_active":false,"_monsterinsights_sitenote_note":"","_monsterinsights_sitenote_category":0,"footnotes":""},"class_list":["post-54","page","type-page","status-publish","hentry"],"aioseo_notices":[],"acf":[],"_links":{"self":[{"href":"https:\/\/pomocwkryzysie.org\/index.php?rest_route=\/wp\/v2\/pages\/54","targetHints":{"allow":["GET"]}}],"collection":[{"href":"https:\/\/pomocwkryzysie.org\/index.php?rest_route=\/wp\/v2\/pages"}],"about":[{"href":"https:\/\/pomocwkryzysie.org\/index.php?rest_route=\/wp\/v2\/types\/page"}],"author":[{"embeddable":true,"href":"https:\/\/pomocwkryzysie.org\/index.php?rest_route=\/wp\/v2\/users\/1"}],"replies":[{"embeddable":true,"href":"https:\/\/pomocwkryzysie.org\/index.php?rest_route=%2Fwp%2Fv2%2Fcomments&post=54"}],"version-history":[{"count":8,"href":"https:\/\/pomocwkryzysie.org\/index.php?rest_route=\/wp\/v2\/pages\/54\/revisions"}],"predecessor-version":[{"id":149,"href":"https:\/\/pomocwkryzysie.org\/index.php?rest_route=\/wp\/v2\/pages\/54\/revisions\/149"}],"wp:attachment":[{"href":"https:\/\/pomocwkryzysie.org\/index.php?rest_route=%2Fwp%2Fv2%2Fmedia&parent=54"}],"curies":[{"name":"wp","href":"https:\/\/api.w.org\/{rel}","templated":true}]}}