{"id":49,"date":"2026-02-13T16:06:16","date_gmt":"2026-02-13T15:06:16","guid":{"rendered":"http:\/\/pomocwkryzysie.org\/?page_id=49"},"modified":"2026-02-25T17:50:04","modified_gmt":"2026-02-25T16:50:04","slug":"moja-historia","status":"publish","type":"page","link":"https:\/\/pomocwkryzysie.org\/?page_id=49","title":{"rendered":"Moja historia&#8230;"},"content":{"rendered":"\t\t<div data-elementor-type=\"wp-page\" data-elementor-id=\"49\" class=\"elementor elementor-49\">\n\t\t\t\t<div class=\"elementor-element elementor-element-281f9d5 e-flex e-con-boxed wpr-particle-no wpr-jarallax-no wpr-parallax-no wpr-sticky-section-no e-con e-parent\" data-id=\"281f9d5\" data-element_type=\"container\" data-e-type=\"container\">\n\t\t\t\t\t<div class=\"e-con-inner\">\n\t\t\t\t<div class=\"elementor-element elementor-element-39eabcc elementor-widget elementor-widget-text-editor\" data-id=\"39eabcc\" data-element_type=\"widget\" data-e-type=\"widget\" data-widget_type=\"text-editor.default\">\n\t\t\t\t\t\t\t\t\t<h6 data-start=\"296\" data-end=\"313\"><em><img decoding=\"async\" class=\"emoji\" role=\"img\" draggable=\"false\" src=\"https:\/\/s.w.org\/images\/core\/emoji\/17.0.2\/svg\/26a0.svg\" alt=\"\u26a0\ufe0f\" \/> <\/em>Ostrze\u017cenie<\/h6><p data-start=\"314\" data-end=\"436\"><em>Tekst zawiera opisy depresji, my\u015bli samob\u00f3jczych oraz trudnych do\u015bwiadcze\u0144 zwi\u0105zanych z chorob\u0105 i \u015bmierci\u0105 bliskiej osoby.<\/em><\/p><h3 data-start=\"443\" data-end=\"487\"><a title=\"Depresja to wojna\" href=\"https:\/\/pomocwkryzysie.org\/?p=20\">Depresja<\/a> \u2013 z do\u015bwiadczenia, nie z ksi\u0105\u017cek<\/h3><p data-start=\"489\" data-end=\"710\">Jestem cz\u0142owiekiem, kt\u00f3ry od 2017 roku zmaga si\u0119 z depresj\u0105. Znam j\u0105 doskonale \u2014 nie z ksi\u0105\u017cek, nie z definicji, ale z do\u015bwiadczenia na w\u0142asnej sk\u00f3rze. Znam jej b\u00f3l, ci\u0119\u017car i ka\u017cdy etap, przez kt\u00f3ry trzeba w niej przej\u015b\u0107.<\/p><p data-start=\"712\" data-end=\"1075\">Wiem, co to znaczy stan\u0105\u0107 na kraw\u0119dzi ob\u0142\u0119du. Znam przepa\u015b\u0107 l\u0119ku, kt\u00f3ry sprawia, \u017ce r\u0119ce same zaczynaj\u0105 dr\u017ce\u0107, a nogi uginaj\u0105 si\u0119 pod ci\u0119\u017carem strachu. Wiem, co to znaczy zmaga\u0107 si\u0119 z my\u015blami samob\u00f3jczymi \u2014 gdy nie zastanawiasz si\u0119 ju\u017c \u201eczy\u201d, tylko \u201ew jaki spos\u00f3b\u201d. Znam d\u0142ugie, nieprzespane noce, strach przed spotkaniami z lud\u017ami, parali\u017c przed wyj\u015bciem z domu.<\/p><p data-start=\"1077\" data-end=\"1238\">Wiem te\u017c, jak to jest nie mie\u0107 si\u0142y wsta\u0107 z \u0142\u00f3\u017cka, by zrobi\u0107 cokolwiek. I jak boli, gdy inni patrz\u0105 na ciebie i m\u00f3wi\u0105:<br data-start=\"1195\" data-end=\"1198\" \/>\u201eCo ci jest? Przecie\u017c wygl\u0105dasz dobrze i zdrowo\u201d.<\/p><h3 data-start=\"1245\" data-end=\"1277\">Ludzie, kt\u00f3rzy po prostu byli<\/h3><p data-start=\"1279\" data-end=\"1496\">Na szcz\u0119\u015bcie na mojej drodze stan\u0119li ludzie, dzi\u0119ki kt\u00f3rym zacz\u0105\u0142em si\u0119 leczy\u0107 i kt\u00f3rzy pomogli mi stan\u0105\u0107 na nogi. Byli to ludzie, kt\u00f3rzy nie oceniali. Nie obdarowywali mnie \u201ez\u0142otymi radami\u201d w stylu \u201ewe\u017a si\u0119 w gar\u015b\u0107\u201d.<\/p><p data-start=\"1498\" data-end=\"1653\">Po prostu byli.<br data-start=\"1513\" data-end=\"1516\" \/>Byli ze mn\u0105 i z moim b\u00f3lem. Dali mi wsparcie emocjonalne i poczucie bezpiecze\u0144stwa \u2014 bo nie musia\u0142em udawa\u0107, \u017ce wszystko jest w porz\u0105dku.<\/p><p data-start=\"1655\" data-end=\"1789\">Dzi\u015b nie mam ju\u017c my\u015bli samob\u00f3jczych. R\u0119ce przesta\u0142y mi dr\u017ce\u0107. To nie znaczy, \u017ce wszystko by\u0142o \u0142atwe. To znaczy, \u017ce pomoc ma znaczenie.<\/p><h3 data-start=\"1796\" data-end=\"1832\">Marzenie, kt\u00f3re sta\u0142o si\u0119 piek\u0142em<\/h3><p data-start=\"1834\" data-end=\"1956\">Nigdy nie my\u015bla\u0142em, \u017ce marzenie jednej osoby mo\u017ce sta\u0107 si\u0119 piek\u0142em dla drugiej. Niestety \u2014 w moim przypadku tak si\u0119 sta\u0142o.<\/p><p data-start=\"1958\" data-end=\"2117\">W 2016 roku moja Mama uda\u0142a si\u0119 na wymarzon\u0105 wycieczk\u0119 na Kub\u0119. Podczas pobytu dosta\u0142a wylewu. Dotar\u0142em do niej po trzech dniach \u2014 wtedy mia\u0142a ju\u017c drugi wylew.<\/p><p data-start=\"2119\" data-end=\"2423\">Pod szpital podstawiono karetk\u0119. Mam\u0119 trzeba by\u0142o przewie\u017a\u0107 do innego szpitala, by wykona\u0107 zdj\u0119cie g\u0142owy. Gdy umieszczono j\u0105 w karetce, konieczne by\u0142o pod\u0142\u0105czenie respiratora. Niestety stan techniczny pojazdu by\u0142 op\u0142akany \u2014 \u017ceby respirator dzia\u0142a\u0142, piel\u0119gniarka musia\u0142a co jaki\u015b czas porusza\u0107 gniazdkiem.<\/p><p data-start=\"2425\" data-end=\"2566\">Tego pojazdu \u2014 nazywanego na Kubie karetk\u0105 pogotowia \u2014 w Polsce nikt nie dopu\u015bci\u0142by do ruchu, a raczej skierowa\u0142by na z\u0142om. Ale to by\u0142a Kuba.<\/p><p data-start=\"2568\" data-end=\"2835\">Podczas jazdy mieli\u015bmy st\u0142uczk\u0119. Ci\u0119\u017car\u00f3wka jad\u0105ca przed karetk\u0105 nie zd\u0105\u017cy\u0142a zjecha\u0107 na bok, a kierowca karetki nie wyhamowa\u0142 i uderzy\u0142 w jej ty\u0142. Na szcz\u0119\u015bcie uszkodzenia nie by\u0142y na tyle powa\u017cne, by przerwa\u0107 transport. Po dotarciu na miejsce wykonano rentgen g\u0142owy.<\/p><h3 data-start=\"2842\" data-end=\"2863\">System bez wyj\u015bcia<\/h3><p data-start=\"2865\" data-end=\"3077\">Lekarze poinformowali mnie, \u017ce w szpitalach nie ma ani rezonansu magnetycznego, ani tomografu komputerowego, by dok\u0142adnie okre\u015bli\u0107 miejsce wylewu. Najbli\u017cszy tomograf znajdowa\u0142 si\u0119 w Hawanie \u2014 oko\u0142o 700 km dalej.<\/p><p data-start=\"3079\" data-end=\"3370\">Transport karetk\u0105 po tamtejszych drogach by\u0142by wyrokiem \u015bmierci. Lotniczy transport medyczny na Kubie nie istnieje. Dopiero przyjaci\u00f3\u0142ka mojej bratowej, mieszkaj\u0105ca w USA, znalaz\u0142a firm\u0119 w Meksyku, kt\u00f3ra podj\u0119\u0142a si\u0119 za\u0142atwienia formalno\u015bci umo\u017cliwiaj\u0105cych przelot i transport Mamy do Hawany.<\/p><p data-start=\"3372\" data-end=\"3642\">Trwa\u0142o to ponad tydzie\u0144.<br data-start=\"3396\" data-end=\"3399\" \/>Tydzie\u0144, w trakcie kt\u00f3rego stan Mamy znacznie si\u0119 pogorszy\u0142. Pojawi\u0142y si\u0119 niekontrolowane ruchy r\u0105k i n\u00f3g. Lekarze musieli przywi\u0105za\u0107 j\u0105 do \u0142\u00f3\u017cka, by przez przypadek nie wyrwa\u0142a wenflonu ani nie uszkodzi\u0142a aparatury, do kt\u00f3rej by\u0142a pod\u0142\u0105czona.<\/p><h3 data-start=\"3649\" data-end=\"3689\">Szpital, kt\u00f3rego nie da si\u0119 zapomnie\u0107<\/h3><p data-start=\"3691\" data-end=\"3951\">Pierwszy szpital, w kt\u00f3rym Mama przebywa\u0142a ponad tydzie\u0144, trudno nazwa\u0107 szpitalem. Nogi si\u0119 pode mn\u0105 ugi\u0119\u0142y, gdy zobaczy\u0142em warunki: powybijane okna, ptaki lataj\u0105ce po korytarzach, ludzie le\u017c\u0105cy na materacach w salach, sanitariaty bez wody, w op\u0142akanym stanie.<\/p><p data-start=\"3953\" data-end=\"4047\">Warunki szpitalne na Kubie s\u0105 pora\u017caj\u0105ce \u2014 a\u017c trudne do opisania komu\u015b, kto mieszka w Europie.<\/p><p data-start=\"4049\" data-end=\"4297\">Pami\u0119tam, \u017ce pierwszego dnia pomy\u015bla\u0142em, \u017ce gorzej ju\u017c by\u0107 nie mo\u017ce. By\u0142em w b\u0142\u0119dzie. Na Kubie przekona\u0142em si\u0119, \u017ce zawsze mo\u017ce by\u0107 gorzej. \u017be zawsze mo\u017cna spa\u015b\u0107 ni\u017cej. \u017be zawsze mo\u017cna poczu\u0107 wi\u0119kszy b\u00f3l, gdy kolejna nadzieja p\u0119ka jak ba\u0144ka mydlana.<\/p><h3 data-start=\"4304\" data-end=\"4319\">Po wszystkim<\/h3><p data-start=\"4321\" data-end=\"4515\">W czasie mojego pobytu na Kubie wydarzy\u0142o si\u0119 wiele szokuj\u0105cych i dramatycznych rzeczy, kt\u00f3rych opisanie zaj\u0119\u0142oby znacznie wi\u0119cej miejsca. Mama zmar\u0142a po siedmiu tygodniach od pierwszego wylewu.<\/p><p data-start=\"4517\" data-end=\"4748\">Na koniec mojego dwumiesi\u0119cznego pobytu \u2014 kt\u00f3ry przed\u0142u\u017cy\u0142 si\u0119 z powodu formalno\u015bci zwi\u0105zanych z transportem cia\u0142a do Polski \u2014 niewiele brakowa\u0142o, bym trafi\u0142 do tamtejszego wi\u0119zienia. By\u0142o to zwi\u0105zane z kolejnym przed\u0142u\u017ceniem wizy.<\/p><h3 data-start=\"4755\" data-end=\"4767\">Na koniec<\/h3><p data-start=\"4769\" data-end=\"4890\">Je\u015bli to czytasz i czujesz, \u017ce jeste\u015b na granicy \u2014 chc\u0119, \u017ceby\u015b wiedzia\u0142 jedno:<br data-start=\"4847\" data-end=\"4850\" \/><strong data-start=\"4850\" data-end=\"4889\">nie musisz przez to przechodzi\u0107 sam<\/strong>.<\/p><p data-start=\"4892\" data-end=\"5003\">Pomoc istnieje. Czasem przychodzi p\u00f3\u017ano. Czasem z nieoczekiwanej strony. Ale bywa momentem, kt\u00f3ry ratuje \u017cycie.<\/p><p data-start=\"5005\" data-end=\"5112\">Je\u015bli ten tekst sprawi\u0142, \u017ce poczu\u0142e\u015b si\u0119 cho\u0107 odrobin\u0119 mniej samotny \u2014 to znaczy, \u017ce warto by\u0142o go napisa\u0107.<\/p>\t\t\t\t\t\t\t\t<\/div>\n\t\t\t\t\t<\/div>\n\t\t\t\t<\/div>\n\t\t\t\t<\/div>\n\t\t","protected":false},"excerpt":{"rendered":"<p>Ostrze\u017cenie Tekst zawiera opisy depresji, my\u015bli samob\u00f3jczych oraz trudnych do\u015bwiadcze\u0144 zwi\u0105zanych z chorob\u0105 i \u015bmierci\u0105 bliskiej osoby. Depresja \u2013 z do\u015bwiadczenia, nie z ksi\u0105\u017cek Jestem cz\u0142owiekiem, kt\u00f3ry od 2017 roku zmaga si\u0119 z depresj\u0105. Znam j\u0105 doskonale \u2014 nie z ksi\u0105\u017cek, nie z definicji, ale z do\u015bwiadczenia na w\u0142asnej sk\u00f3rze. Znam jej b\u00f3l, ci\u0119\u017car i ka\u017cdy etap, przez kt\u00f3ry trzeba w niej przej\u015b\u0107. Wiem, co to znaczy stan\u0105\u0107 na kraw\u0119dzi ob\u0142\u0119du. Znam przepa\u015b\u0107 l\u0119ku, kt\u00f3ry sprawia, \u017ce r\u0119ce same zaczynaj\u0105 dr\u017ce\u0107, a nogi uginaj\u0105 si\u0119 pod ci\u0119\u017carem strachu. Wiem, co to znaczy zmaga\u0107 si\u0119 z my\u015blami samob\u00f3jczymi \u2014 gdy nie zastanawiasz si\u0119 ju\u017c \u201eczy\u201d, tylko \u201ew jaki spos\u00f3b\u201d. Znam d\u0142ugie, nieprzespane noce, strach przed spotkaniami z lud\u017ami, parali\u017c przed wyj\u015bciem z domu. Wiem te\u017c, jak to jest nie mie\u0107 si\u0142y wsta\u0107 z \u0142\u00f3\u017cka, by zrobi\u0107 cokolwiek. I jak boli, gdy inni patrz\u0105 na ciebie i m\u00f3wi\u0105:\u201eCo ci jest? Przecie\u017c wygl\u0105dasz dobrze i zdrowo\u201d. Ludzie, kt\u00f3rzy po prostu byli Na szcz\u0119\u015bcie na mojej drodze stan\u0119li ludzie, dzi\u0119ki kt\u00f3rym zacz\u0105\u0142em si\u0119 leczy\u0107 i kt\u00f3rzy pomogli mi stan\u0105\u0107 na nogi. Byli to ludzie, kt\u00f3rzy nie oceniali. Nie obdarowywali mnie \u201ez\u0142otymi radami\u201d w stylu \u201ewe\u017a si\u0119 w gar\u015b\u0107\u201d. Po prostu byli.Byli ze mn\u0105 i z moim b\u00f3lem. Dali mi wsparcie emocjonalne i poczucie bezpiecze\u0144stwa \u2014 bo nie musia\u0142em udawa\u0107, \u017ce wszystko jest w porz\u0105dku. Dzi\u015b nie mam ju\u017c my\u015bli samob\u00f3jczych. R\u0119ce przesta\u0142y mi dr\u017ce\u0107. To nie znaczy, \u017ce wszystko by\u0142o \u0142atwe. To znaczy, \u017ce pomoc ma znaczenie. Marzenie, kt\u00f3re sta\u0142o si\u0119 piek\u0142em Nigdy nie my\u015bla\u0142em, \u017ce marzenie jednej osoby mo\u017ce sta\u0107 si\u0119 piek\u0142em dla drugiej. Niestety \u2014 w moim przypadku tak si\u0119 sta\u0142o. W 2016 roku moja Mama uda\u0142a si\u0119 na wymarzon\u0105 wycieczk\u0119 na Kub\u0119. Podczas pobytu dosta\u0142a wylewu. Dotar\u0142em do niej po trzech dniach \u2014 wtedy mia\u0142a ju\u017c drugi wylew. Pod szpital podstawiono karetk\u0119. Mam\u0119 trzeba by\u0142o przewie\u017a\u0107 do innego szpitala, by wykona\u0107 zdj\u0119cie g\u0142owy. Gdy umieszczono j\u0105 w karetce, konieczne by\u0142o pod\u0142\u0105czenie respiratora. Niestety stan techniczny pojazdu by\u0142 op\u0142akany \u2014 \u017ceby respirator dzia\u0142a\u0142, piel\u0119gniarka musia\u0142a co jaki\u015b czas porusza\u0107 gniazdkiem. Tego pojazdu \u2014 nazywanego na Kubie karetk\u0105 pogotowia \u2014 w Polsce nikt nie dopu\u015bci\u0142by do ruchu, a raczej skierowa\u0142by na z\u0142om. Ale to by\u0142a Kuba. Podczas jazdy mieli\u015bmy st\u0142uczk\u0119. Ci\u0119\u017car\u00f3wka jad\u0105ca przed karetk\u0105 nie zd\u0105\u017cy\u0142a zjecha\u0107 na bok, a kierowca karetki nie wyhamowa\u0142 i uderzy\u0142 w jej ty\u0142. Na szcz\u0119\u015bcie uszkodzenia nie by\u0142y na tyle powa\u017cne, by przerwa\u0107 transport. Po dotarciu na miejsce wykonano rentgen g\u0142owy. System bez wyj\u015bcia Lekarze poinformowali mnie, \u017ce w szpitalach nie ma ani rezonansu magnetycznego, ani tomografu komputerowego, by dok\u0142adnie okre\u015bli\u0107 miejsce wylewu. Najbli\u017cszy tomograf znajdowa\u0142 si\u0119 w Hawanie \u2014 oko\u0142o 700 km dalej. Transport karetk\u0105 po tamtejszych drogach by\u0142by wyrokiem \u015bmierci. Lotniczy transport medyczny na Kubie nie istnieje. Dopiero przyjaci\u00f3\u0142ka mojej bratowej, mieszkaj\u0105ca w USA, znalaz\u0142a firm\u0119 w Meksyku, kt\u00f3ra podj\u0119\u0142a si\u0119 za\u0142atwienia formalno\u015bci umo\u017cliwiaj\u0105cych przelot i transport Mamy do Hawany. Trwa\u0142o to ponad tydzie\u0144.Tydzie\u0144, w trakcie kt\u00f3rego stan Mamy znacznie si\u0119 pogorszy\u0142. Pojawi\u0142y si\u0119 niekontrolowane ruchy r\u0105k i n\u00f3g. Lekarze musieli przywi\u0105za\u0107 j\u0105 do \u0142\u00f3\u017cka, by przez przypadek nie wyrwa\u0142a wenflonu ani nie uszkodzi\u0142a aparatury, do kt\u00f3rej by\u0142a pod\u0142\u0105czona. Szpital, kt\u00f3rego nie da si\u0119 zapomnie\u0107 Pierwszy szpital, w kt\u00f3rym Mama przebywa\u0142a ponad tydzie\u0144, trudno nazwa\u0107 szpitalem. Nogi si\u0119 pode mn\u0105 ugi\u0119\u0142y, gdy zobaczy\u0142em warunki: powybijane okna, ptaki lataj\u0105ce po korytarzach, ludzie le\u017c\u0105cy na materacach w salach, sanitariaty bez wody, w op\u0142akanym stanie. Warunki szpitalne na Kubie s\u0105 pora\u017caj\u0105ce \u2014 a\u017c trudne do opisania komu\u015b, kto mieszka w Europie. Pami\u0119tam, \u017ce pierwszego dnia pomy\u015bla\u0142em, \u017ce gorzej ju\u017c by\u0107 nie mo\u017ce. By\u0142em w b\u0142\u0119dzie. Na Kubie przekona\u0142em si\u0119, \u017ce zawsze mo\u017ce by\u0107 gorzej. \u017be zawsze mo\u017cna spa\u015b\u0107 ni\u017cej. \u017be zawsze mo\u017cna poczu\u0107 wi\u0119kszy b\u00f3l, gdy kolejna nadzieja p\u0119ka jak ba\u0144ka mydlana. Po wszystkim W czasie mojego pobytu na Kubie wydarzy\u0142o si\u0119 wiele szokuj\u0105cych i dramatycznych rzeczy, kt\u00f3rych opisanie zaj\u0119\u0142oby znacznie wi\u0119cej miejsca. Mama zmar\u0142a po siedmiu tygodniach od pierwszego wylewu. Na koniec mojego dwumiesi\u0119cznego pobytu \u2014 kt\u00f3ry przed\u0142u\u017cy\u0142 si\u0119 z powodu formalno\u015bci zwi\u0105zanych z transportem cia\u0142a do Polski \u2014 niewiele brakowa\u0142o, bym trafi\u0142 do tamtejszego wi\u0119zienia. By\u0142o to zwi\u0105zane z kolejnym przed\u0142u\u017ceniem wizy. Na koniec Je\u015bli to czytasz i czujesz, \u017ce jeste\u015b na granicy \u2014 chc\u0119, \u017ceby\u015b wiedzia\u0142 jedno:nie musisz przez to przechodzi\u0107 sam. Pomoc istnieje. Czasem przychodzi p\u00f3\u017ano. Czasem z nieoczekiwanej strony. Ale bywa momentem, kt\u00f3ry ratuje \u017cycie. Je\u015bli ten tekst sprawi\u0142, \u017ce poczu\u0142e\u015b si\u0119 cho\u0107 odrobin\u0119 mniej samotny \u2014 to znaczy, \u017ce warto by\u0142o go napisa\u0107.<\/p>\n","protected":false},"author":1,"featured_media":0,"parent":0,"menu_order":0,"comment_status":"closed","ping_status":"closed","template":"","meta":{"om_disable_all_campaigns":false,"_monsterinsights_skip_tracking":false,"_monsterinsights_sitenote_active":false,"_monsterinsights_sitenote_note":"","_monsterinsights_sitenote_category":0,"footnotes":""},"class_list":["post-49","page","type-page","status-publish","hentry"],"aioseo_notices":[],"acf":[],"_links":{"self":[{"href":"https:\/\/pomocwkryzysie.org\/index.php?rest_route=\/wp\/v2\/pages\/49","targetHints":{"allow":["GET"]}}],"collection":[{"href":"https:\/\/pomocwkryzysie.org\/index.php?rest_route=\/wp\/v2\/pages"}],"about":[{"href":"https:\/\/pomocwkryzysie.org\/index.php?rest_route=\/wp\/v2\/types\/page"}],"author":[{"embeddable":true,"href":"https:\/\/pomocwkryzysie.org\/index.php?rest_route=\/wp\/v2\/users\/1"}],"replies":[{"embeddable":true,"href":"https:\/\/pomocwkryzysie.org\/index.php?rest_route=%2Fwp%2Fv2%2Fcomments&post=49"}],"version-history":[{"count":17,"href":"https:\/\/pomocwkryzysie.org\/index.php?rest_route=\/wp\/v2\/pages\/49\/revisions"}],"predecessor-version":[{"id":195,"href":"https:\/\/pomocwkryzysie.org\/index.php?rest_route=\/wp\/v2\/pages\/49\/revisions\/195"}],"wp:attachment":[{"href":"https:\/\/pomocwkryzysie.org\/index.php?rest_route=%2Fwp%2Fv2%2Fmedia&parent=49"}],"curies":[{"name":"wp","href":"https:\/\/api.w.org\/{rel}","templated":true}]}}