{"id":43,"date":"2026-02-13T16:04:39","date_gmt":"2026-02-13T15:04:39","guid":{"rendered":"http:\/\/pomocwkryzysie.org\/?page_id=43"},"modified":"2026-02-19T11:02:34","modified_gmt":"2026-02-19T10:02:34","slug":"o-mnie","status":"publish","type":"page","link":"https:\/\/pomocwkryzysie.org\/?page_id=43","title":{"rendered":"O mnie"},"content":{"rendered":"\t\t<div data-elementor-type=\"wp-page\" data-elementor-id=\"43\" class=\"elementor elementor-43\">\n\t\t\t\t<div class=\"elementor-element elementor-element-fbeb4e8 e-con-full e-flex wpr-particle-no wpr-jarallax-no wpr-parallax-no wpr-sticky-section-no e-con e-parent\" data-id=\"fbeb4e8\" data-element_type=\"container\" data-e-type=\"container\">\n\t\t\t\t<div class=\"elementor-element elementor-element-c696648 elementor-widget__width-initial elementor-widget elementor-widget-image\" data-id=\"c696648\" data-element_type=\"widget\" data-e-type=\"widget\" data-widget_type=\"image.default\">\n\t\t\t\t\t\t\t\t\t\t\t\t\t\t\t<img fetchpriority=\"high\" decoding=\"async\" width=\"800\" height=\"332\" src=\"https:\/\/pomocwkryzysie.org\/wp-content\/uploads\/2026\/02\/moje_1.jpg\" class=\"attachment-large size-large wp-image-171\" alt=\"\" srcset=\"https:\/\/pomocwkryzysie.org\/wp-content\/uploads\/2026\/02\/moje_1.jpg 800w, https:\/\/pomocwkryzysie.org\/wp-content\/uploads\/2026\/02\/moje_1-300x125.jpg 300w, https:\/\/pomocwkryzysie.org\/wp-content\/uploads\/2026\/02\/moje_1-768x319.jpg 768w\" sizes=\"(max-width: 800px) 100vw, 800px\" \/>\t\t\t\t\t\t\t\t\t\t\t\t\t\t\t<\/div>\n\t\t\t\t<div class=\"elementor-element elementor-element-c46a390 elementor-widget__width-initial elementor-widget elementor-widget-text-editor\" data-id=\"c46a390\" data-element_type=\"widget\" data-e-type=\"widget\" data-widget_type=\"text-editor.default\">\n\t\t\t\t\t\t\t\t\t<div class=\"elementor-element elementor-element-391215c elementor-widget elementor-widget-text-editor\" data-id=\"391215c\" data-element_type=\"widget\" data-e-type=\"widget\" data-widget_type=\"text-editor.default\"><p data-start=\"696\" data-end=\"834\">Nazywam si\u0119 <strong data-start=\"708\" data-end=\"735\">Daniel Lewkowicz<\/strong>.\u00a0<br data-start=\"768\" data-end=\"771\" \/>Od 26 lat jestem filozofem i teologiem, uko\u0144czy\u0142em Papieski Wydzia\u0142 Teologiczny we Wroc\u0142awiu.<br data-start=\"800\" data-end=\"803\" \/>Od 9 lat lecz\u0119 si\u0119 na depresj\u0119 lekooporn\u0105.<\/p><p data-start=\"836\" data-end=\"971\">Nie oferuj\u0119 prostych odpowiedzi.<br data-start=\"868\" data-end=\"871\" \/>Oferuj\u0119 <strong data-start=\"879\" data-end=\"923\">obecno\u015b\u0107, rozmow\u0119 i porz\u0105dkowanie chaosu<\/strong>, wtedy gdy cz\u0142owiek ledwo trzyma si\u0119 na nogach.<\/p><p data-start=\"1264\" data-end=\"1287\"><span style=\"color: #ff0000;\"><strong>Wa\u017cne!<\/strong><\/span><\/p><p data-start=\"1264\" data-end=\"1287\"><strong data-start=\"1267\" data-end=\"1287\">Czego NIE robi\u0119:<\/strong><\/p><ul data-start=\"1288\" data-end=\"1471\"><li data-start=\"1288\" data-end=\"1308\"><p data-start=\"1290\" data-end=\"1308\">nie diagnozuj\u0119<\/p><\/li><li data-start=\"1309\" data-end=\"1324\"><p data-start=\"1311\" data-end=\"1324\">nie lecz\u0119<\/p><\/li><li data-start=\"1325\" data-end=\"1373\"><p data-start=\"1327\" data-end=\"1373\">nie zast\u0119puj\u0119 psychiatry ani psychoterapii<\/p><\/li><li data-start=\"1374\" data-end=\"1471\"><p data-start=\"1376\" data-end=\"1471\">nie pracuj\u0119 z osobami w ostrym kryzysie samob\u00f3jczym <em data-start=\"1430\" data-end=\"1471\">bez r\u00f3wnoleg\u0142ej pomocy specjalistycznej<\/em><\/p><\/li><\/ul><p data-start=\"1473\" data-end=\"1489\"><strong data-start=\"1476\" data-end=\"1489\">Co ROBI\u0118<\/strong><\/p><ul data-start=\"1490\" data-end=\"1681\"><li data-start=\"1490\" data-end=\"1501\">s\u0142ucham<\/li><li data-start=\"1490\" data-end=\"1501\"><p data-start=\"1492\" data-end=\"1501\">rozmawiam<\/p><\/li><li data-start=\"1502\" data-end=\"1525\"><p data-start=\"1504\" data-end=\"1525\">pomagam porz\u0105dkowa\u0107 my\u015bli<\/p><\/li><li data-start=\"1526\" data-end=\"1559\"><p data-start=\"1528\" data-end=\"1559\">pomagam w nadawaniu sensu do\u015bwiadczeniom \u017cyciowym<\/p><\/li><li data-start=\"1560\" data-end=\"1587\"><p data-start=\"1562\" data-end=\"1587\">jestem z Tob\u0105 w kryzysie<\/p><\/li><li data-start=\"1588\" data-end=\"1642\"><p data-start=\"1590\" data-end=\"1642\">pomagam w przej\u015bciu przez strat\u0119, wstyd, l\u0119k, pustk\u0119<\/p><\/li><li data-start=\"1643\" data-end=\"1681\"><p data-start=\"1645\" data-end=\"1681\">wspieram w szukaniu dalszej pomocy<\/p><\/li><\/ul><\/div>\t\t\t\t\t\t\t\t<\/div>\n\t\t\t\t<\/div>\n\t\t\t\t<\/div>\n\t\t","protected":false},"excerpt":{"rendered":"<p>Nazywam si\u0119 Daniel Lewkowicz.\u00a0Od 26 lat jestem filozofem i teologiem, uko\u0144czy\u0142em Papieski Wydzia\u0142 Teologiczny we Wroc\u0142awiu.Od 9 lat lecz\u0119 si\u0119 na depresj\u0119 lekooporn\u0105. Nie oferuj\u0119 prostych odpowiedzi.Oferuj\u0119 obecno\u015b\u0107, rozmow\u0119 i porz\u0105dkowanie chaosu, wtedy gdy cz\u0142owiek ledwo trzyma si\u0119 na nogach. Wa\u017cne! Czego NIE robi\u0119: nie diagnozuj\u0119 nie lecz\u0119 nie zast\u0119puj\u0119 psychiatry ani psychoterapii nie pracuj\u0119 z osobami w ostrym kryzysie samob\u00f3jczym bez r\u00f3wnoleg\u0142ej pomocy specjalistycznej Co ROBI\u0118 s\u0142ucham rozmawiam pomagam porz\u0105dkowa\u0107 my\u015bli pomagam w nadawaniu sensu do\u015bwiadczeniom \u017cyciowym jestem z Tob\u0105 w kryzysie pomagam w przej\u015bciu przez strat\u0119, wstyd, l\u0119k, pustk\u0119 wspieram w szukaniu dalszej pomocy<\/p>\n","protected":false},"author":1,"featured_media":0,"parent":0,"menu_order":0,"comment_status":"closed","ping_status":"closed","template":"","meta":{"om_disable_all_campaigns":false,"_monsterinsights_skip_tracking":false,"_monsterinsights_sitenote_active":false,"_monsterinsights_sitenote_note":"","_monsterinsights_sitenote_category":0,"footnotes":""},"class_list":["post-43","page","type-page","status-publish","hentry"],"aioseo_notices":[],"acf":[],"_links":{"self":[{"href":"https:\/\/pomocwkryzysie.org\/index.php?rest_route=\/wp\/v2\/pages\/43","targetHints":{"allow":["GET"]}}],"collection":[{"href":"https:\/\/pomocwkryzysie.org\/index.php?rest_route=\/wp\/v2\/pages"}],"about":[{"href":"https:\/\/pomocwkryzysie.org\/index.php?rest_route=\/wp\/v2\/types\/page"}],"author":[{"embeddable":true,"href":"https:\/\/pomocwkryzysie.org\/index.php?rest_route=\/wp\/v2\/users\/1"}],"replies":[{"embeddable":true,"href":"https:\/\/pomocwkryzysie.org\/index.php?rest_route=%2Fwp%2Fv2%2Fcomments&post=43"}],"version-history":[{"count":23,"href":"https:\/\/pomocwkryzysie.org\/index.php?rest_route=\/wp\/v2\/pages\/43\/revisions"}],"predecessor-version":[{"id":174,"href":"https:\/\/pomocwkryzysie.org\/index.php?rest_route=\/wp\/v2\/pages\/43\/revisions\/174"}],"wp:attachment":[{"href":"https:\/\/pomocwkryzysie.org\/index.php?rest_route=%2Fwp%2Fv2%2Fmedia&parent=43"}],"curies":[{"name":"wp","href":"https:\/\/api.w.org\/{rel}","templated":true}]}}